{"id":13611,"date":"2021-03-12T12:02:13","date_gmt":"2021-03-12T17:02:13","guid":{"rendered":"https:\/\/nanoxplore.ca\/?page_id=13611"},"modified":"2021-03-12T14:17:56","modified_gmt":"2021-03-12T19:17:56","slug":"website-terms-and-conditions","status":"publish","type":"page","link":"https:\/\/nanoxplore.ca\/fr\/website-terms-and-conditions\/","title":{"rendered":"Modalit\u00e9s du site Web"},"content":{"rendered":"\t\t<div data-elementor-type=\"wp-page\" data-elementor-id=\"13611\" class=\"elementor elementor-13611 elementor-13610\" data-elementor-post-type=\"page\">\n\t\t\t\t\t\t<section class=\"elementor-section elementor-top-section elementor-element elementor-element-50b72e7 elementor-section-stretched elementor-section-boxed elementor-section-height-default elementor-section-height-default\" data-id=\"50b72e7\" data-element_type=\"section\" data-e-type=\"section\" data-settings=\"{&quot;stretch_section&quot;:&quot;section-stretched&quot;}\">\n\t\t\t\t\t\t<div class=\"elementor-container elementor-column-gap-default\">\n\t\t\t\t\t<div class=\"elementor-column elementor-col-100 elementor-top-column elementor-element elementor-element-e5507f8\" data-id=\"e5507f8\" data-element_type=\"column\" data-e-type=\"column\">\n\t\t\t<div class=\"elementor-widget-wrap elementor-element-populated\">\n\t\t\t\t\t\t<div class=\"elementor-element elementor-element-8833062 elementor-widget elementor-widget-heading\" data-id=\"8833062\" data-element_type=\"widget\" data-e-type=\"widget\" data-widget_type=\"heading.default\">\n\t\t\t\t<div class=\"elementor-widget-container\">\n\t\t\t\t\t<h5 class=\"elementor-heading-title elementor-size-default\">Modalit\u00e9s du site Web<\/h5>\t\t\t\t<\/div>\n\t\t\t\t<\/div>\n\t\t\t\t<div class=\"elementor-element elementor-element-12d8582 elementor-widget elementor-widget-text-editor\" data-id=\"12d8582\" data-element_type=\"widget\" data-e-type=\"widget\" data-widget_type=\"text-editor.default\">\n\t\t\t\t<div class=\"elementor-widget-container\">\n\t\t\t\t\t\t\t\t\t<div class=\"elementor-element elementor-element-9f12548 elementor-widget elementor-widget-text-editor\" data-id=\"9f12548\" data-element_type=\"text-editor.default\">\n<div class=\"elementor-widget-container\">\n<div class=\"elementor-text-editor elementor-clearfix\">\n<p>En acc\u00e9dant au pr\u00e9sent site Web ou en t\u00e9l\u00e9chargeant son contenu, vous acceptez d&#8217;\u00eatre li\u00e9 par les modalit\u00e9s d\u00e9finies dans le pr\u00e9sent avis juridique. Si vous n&#8217;acceptez pas de vous conformer aux pr\u00e9sentes modalit\u00e9s, vous ne devez ni acc\u00e9der au pr\u00e9sent site Web ni en t\u00e9l\u00e9charger le contenu.<\/p>\n<\/div>\n<\/div>\n<\/div>\n\t\t\t\t\t\t\t\t<\/div>\n\t\t\t\t<\/div>\n\t\t\t\t<div class=\"elementor-element elementor-element-a91c743 elementor-widget elementor-widget-toggle\" data-id=\"a91c743\" data-element_type=\"widget\" data-e-type=\"widget\" data-widget_type=\"toggle.default\">\n\t\t\t\t<div class=\"elementor-widget-container\">\n\t\t\t\t\t\t\t<div class=\"elementor-toggle\">\n\t\t\t\t\t\t\t<div class=\"elementor-toggle-item\">\n\t\t\t\t\t<div id=\"elementor-tab-title-1771\" class=\"elementor-tab-title\" data-tab=\"1\" role=\"button\" aria-controls=\"elementor-tab-content-1771\" aria-expanded=\"false\">\n\t\t\t\t\t\t\t\t\t\t\t\t<span class=\"elementor-toggle-icon elementor-toggle-icon-left\" aria-hidden=\"true\">\n\t\t\t\t\t\t\t\t\t\t\t\t\t\t\t<span class=\"elementor-toggle-icon-closed\"><i class=\"fas fa-caret-right\"><\/i><\/span>\n\t\t\t\t\t\t\t\t<span class=\"elementor-toggle-icon-opened\"><i class=\"elementor-toggle-icon-opened fas fa-caret-up\"><\/i><\/span>\n\t\t\t\t\t\t\t\t\t\t\t\t\t<\/span>\n\t\t\t\t\t\t\t\t\t\t\t\t<a class=\"elementor-toggle-title\" tabindex=\"0\">Mise en garde concernant les d\u00e9clarations prospectives<\/a>\n\t\t\t\t\t<\/div>\n\n\t\t\t\t\t<div id=\"elementor-tab-content-1771\" class=\"elementor-tab-content elementor-clearfix\" data-tab=\"1\" role=\"region\" aria-labelledby=\"elementor-tab-title-1771\"><div id=\"elementor-tab-content-2221\" class=\"elementor-tab-content elementor-clearfix elementor-active\" role=\"tabpanel\" data-tab=\"1\" aria-labelledby=\"elementor-tab-title-2221\">\n<p>Certaines d\u00e9clarations contenues dans le pr\u00e9sent site Web sont de nature prospective et, \u00e0 ce titre, sont assujetties \u00e0 d&#8217;importants risques, incertitudes et hypoth\u00e8ses. Les r\u00e9sultats ou \u00e9v\u00e9nements dont il est question dans ces d\u00e9clarations pourraient diff\u00e9rer sensiblement des r\u00e9sultats ou \u00e9v\u00e9nements r\u00e9els.<\/p>\n<\/div>\n<\/div>\n\t\t\t\t<\/div>\n\t\t\t\t\t\t\t<div class=\"elementor-toggle-item\">\n\t\t\t\t\t<div id=\"elementor-tab-title-1772\" class=\"elementor-tab-title\" data-tab=\"2\" role=\"button\" aria-controls=\"elementor-tab-content-1772\" aria-expanded=\"false\">\n\t\t\t\t\t\t\t\t\t\t\t\t<span class=\"elementor-toggle-icon elementor-toggle-icon-left\" aria-hidden=\"true\">\n\t\t\t\t\t\t\t\t\t\t\t\t\t\t\t<span class=\"elementor-toggle-icon-closed\"><i class=\"fas fa-caret-right\"><\/i><\/span>\n\t\t\t\t\t\t\t\t<span class=\"elementor-toggle-icon-opened\"><i class=\"elementor-toggle-icon-opened fas fa-caret-up\"><\/i><\/span>\n\t\t\t\t\t\t\t\t\t\t\t\t\t<\/span>\n\t\t\t\t\t\t\t\t\t\t\t\t<a class=\"elementor-toggle-title\" tabindex=\"0\">Exactitude de l'information<\/a>\n\t\t\t\t\t<\/div>\n\n\t\t\t\t\t<div id=\"elementor-tab-content-1772\" class=\"elementor-tab-content elementor-clearfix\" data-tab=\"2\" role=\"region\" aria-labelledby=\"elementor-tab-title-1772\"><p>NanoXplore Inc. (\u00ab NanoXplore \u00bb) fait des efforts raisonnables pour s&#8217;assurer de l&#8217;exactitude de l&#8217;information contenue dans le pr\u00e9sent site Web, mais ne garantit d&#8217;aucune fa\u00e7on l&#8217;actualit\u00e9, l&#8217;exactitude, l&#8217;exhaustivit\u00e9, la non-contrefa\u00e7on ou l&#8217;authenticit\u00e9 de cette information. Toute l&#8217;information contenue dans le pr\u00e9sent site Web, y compris l&#8217;information sur le cours des actions, est fournie \u00e0 des fins informatives uniquement, et n&#8217;est pas destin\u00e9e \u00e0 \u00eatre utilis\u00e9e \u00e0 des fins de n\u00e9gociation de titres ou \u00e0 d&#8217;autres fins. Veuillez prendre note que l&#8217;information sur le cours des actions est d\u00e9cal\u00e9e. NANOXPLORE ET SES FOURNISSEURS DE CONTENU N&#8217;ASSUMENT AUCUNE RESPONSABILIT\u00c9 QUANT \u00c0 L&#8217;ORDRE, L&#8217;EXACTITUDE OU L&#8217;EXHAUSTIVIT\u00c9 DE CETTE INFORMATION, ET NE PEUVENT \u00caTRE TENUS RESPONSABLES \u00c0 QUELQUE \u00c9GARD QUE CE SOIT DES RETARDS, INEXACTITUDES OU ERREURS TOUCHANT CETTE INFORMATION OU LA TRANSMISSION DE CETTE INFORMATION. NANOXPLORE OU SES FOURNISSEURS DE CONTENU NE PEUVENT \u00caTRE TENUS RESPONSABLES DE QUELQUE DOMMAGE QUE CE SOIT, Y COMPRIS DE TOUS DOMMAGES SP\u00c9CIAUX, INDIRECTS OU FORFUITS R\u00c9SULTANT DE L&#8217;UTILISATION OU LI\u00c9S \u00c0 L&#8217;UTILISATION DU PR\u00c9SENT SITE WEB OU DU CONTENU DISPONIBLE OU \u00c9VOQU\u00c9 SUR LE PR\u00c9SENT SITE WEB, OU DE TOUT AUTRE SITE WEB AUQUEL VOUS POUVEZ ACC\u00c9DER PAR L&#8217;INTERM\u00c9DIAIRE DE CELUI-CI. On ne doit pas se fier \u00e0 l&#8217;information contenue dans le pr\u00e9sent site Web \u00e0 des fins boursi\u00e8res, commerciales ou financi\u00e8res.<\/p>\n<\/div>\n\t\t\t\t<\/div>\n\t\t\t\t\t\t\t<div class=\"elementor-toggle-item\">\n\t\t\t\t\t<div id=\"elementor-tab-title-1773\" class=\"elementor-tab-title\" data-tab=\"3\" role=\"button\" aria-controls=\"elementor-tab-content-1773\" aria-expanded=\"false\">\n\t\t\t\t\t\t\t\t\t\t\t\t<span class=\"elementor-toggle-icon elementor-toggle-icon-left\" aria-hidden=\"true\">\n\t\t\t\t\t\t\t\t\t\t\t\t\t\t\t<span class=\"elementor-toggle-icon-closed\"><i class=\"fas fa-caret-right\"><\/i><\/span>\n\t\t\t\t\t\t\t\t<span class=\"elementor-toggle-icon-opened\"><i class=\"elementor-toggle-icon-opened fas fa-caret-up\"><\/i><\/span>\n\t\t\t\t\t\t\t\t\t\t\t\t\t<\/span>\n\t\t\t\t\t\t\t\t\t\t\t\t<a class=\"elementor-toggle-title\" tabindex=\"0\">Modifications<\/a>\n\t\t\t\t\t<\/div>\n\n\t\t\t\t\t<div id=\"elementor-tab-content-1773\" class=\"elementor-tab-content elementor-clearfix\" data-tab=\"3\" role=\"region\" aria-labelledby=\"elementor-tab-title-1773\"><div id=\"elementor-tab-content-2223\" class=\"elementor-tab-content elementor-clearfix elementor-active\" role=\"tabpanel\" data-tab=\"3\" aria-labelledby=\"elementor-tab-title-2223\">\n<p>L&#8217;information contenue dans le pr\u00e9sent site Web peut \u00eatre modifi\u00e9e et mise \u00e0 jour en tout temps sans pr\u00e9avis.<\/p>\n<\/div>\n<\/div>\n\t\t\t\t<\/div>\n\t\t\t\t\t\t\t<div class=\"elementor-toggle-item\">\n\t\t\t\t\t<div id=\"elementor-tab-title-1774\" class=\"elementor-tab-title\" data-tab=\"4\" role=\"button\" aria-controls=\"elementor-tab-content-1774\" aria-expanded=\"false\">\n\t\t\t\t\t\t\t\t\t\t\t\t<span class=\"elementor-toggle-icon elementor-toggle-icon-left\" aria-hidden=\"true\">\n\t\t\t\t\t\t\t\t\t\t\t\t\t\t\t<span class=\"elementor-toggle-icon-closed\"><i class=\"fas fa-caret-right\"><\/i><\/span>\n\t\t\t\t\t\t\t\t<span class=\"elementor-toggle-icon-opened\"><i class=\"elementor-toggle-icon-opened fas fa-caret-up\"><\/i><\/span>\n\t\t\t\t\t\t\t\t\t\t\t\t\t<\/span>\n\t\t\t\t\t\t\t\t\t\t\t\t<a class=\"elementor-toggle-title\" tabindex=\"0\">Dispositions diverses<\/a>\n\t\t\t\t\t<\/div>\n\n\t\t\t\t\t<div id=\"elementor-tab-content-1774\" class=\"elementor-tab-content elementor-clearfix\" data-tab=\"4\" role=\"region\" aria-labelledby=\"elementor-tab-title-1774\"><div id=\"elementor-tab-content-2224\" class=\"elementor-tab-content elementor-clearfix elementor-active\" role=\"tabpanel\" data-tab=\"4\" aria-labelledby=\"elementor-tab-title-2224\">\n<p>Les modalit\u00e9s du pr\u00e9sent avis juridique constituent l&#8217;entente int\u00e9grale entre NanoXplore et les utilisateurs du pr\u00e9sent site Web relativement \u00e0 l&#8217;utilisation du site. Le d\u00e9faut, par NanoXplore, d&#8217;exiger le strict respect de toute disposition de la pr\u00e9sente entente ne peut \u00eatre interpr\u00e9t\u00e9 comme une renonciation de sa part aux droits pr\u00e9vus aux pr\u00e9sentes. Le fait<\/p>\n<p>qu&#8217;une disposition du pr\u00e9sent avis juridique soit d\u00e9clar\u00e9e nulle, invalide ou autrement inex\u00e9cutoire par un tribunal comp\u00e9tent ne nuit en rien \u00e0 la validit\u00e9 des autres dispositions des pr\u00e9sentes.<\/p>\n<\/div>\n<\/div>\n\t\t\t\t<\/div>\n\t\t\t\t\t\t\t\t<\/div>\n\t\t\t\t\t\t<\/div>\n\t\t\t\t<\/div>\n\t\t\t\t\t<\/div>\n\t\t<\/div>\n\t\t\t\t\t<\/div>\n\t\t<\/section>\n\t\t\t\t<\/div>\n\t\t","protected":false},"excerpt":{"rendered":"<p>Modalit\u00e9s du site Web En acc\u00e9dant au pr\u00e9sent site Web ou en t\u00e9l\u00e9chargeant son contenu, vous acceptez d&#8217;\u00eatre li\u00e9 par les modalit\u00e9s d\u00e9finies dans le pr\u00e9sent avis juridique. Si vous&#8230;<\/p>\n","protected":false},"author":32,"featured_media":0,"parent":0,"menu_order":0,"comment_status":"closed","ping_status":"closed","template":"","meta":{"content-type":"","inline_featured_image":false,"footnotes":""},"class_list":["post-13611","page","type-page","status-publish","hentry"],"yoast_head":"<!-- This site is optimized with the Yoast SEO Premium plugin v15.2.1 - https:\/\/yoast.com\/wordpress\/plugins\/seo\/ -->\n<title>Modalit\u00e9s du site Web - Nanoxplore<\/title>\n<meta name=\"robots\" content=\"index, follow, max-snippet:-1, max-image-preview:large, max-video-preview:-1\" \/>\n<link rel=\"canonical\" href=\"https:\/\/nanoxplore.ca\/fr\/website-terms-and-conditions\/\" \/>\n<meta property=\"og:locale\" content=\"fr_FR\" \/>\n<meta property=\"og:type\" content=\"article\" \/>\n<meta property=\"og:title\" content=\"Modalit\u00e9s du site Web - Nanoxplore\" \/>\n<meta property=\"og:description\" content=\"Modalit\u00e9s du site Web En acc\u00e9dant au pr\u00e9sent site Web ou en t\u00e9l\u00e9chargeant son contenu, vous acceptez d&#8217;\u00eatre li\u00e9 par les modalit\u00e9s d\u00e9finies dans le pr\u00e9sent avis juridique. Si vous...\" \/>\n<meta property=\"og:url\" content=\"https:\/\/nanoxplore.ca\/fr\/website-terms-and-conditions\/\" \/>\n<meta property=\"og:site_name\" content=\"Nanoxplore\" \/>\n<meta property=\"article:modified_time\" content=\"2021-03-12T19:17:56+00:00\" \/>\n<meta name=\"twitter:card\" content=\"summary\" \/>\n<meta name=\"twitter:label1\" content=\"\u00c9crit par\">\n\t<meta name=\"twitter:data1\" content=\"\">\n\t<meta name=\"twitter:label2\" content=\"Dur\u00e9e de lecture estim\u00e9e\">\n\t<meta name=\"twitter:data2\" content=\"2 minutes\">\n<script type=\"application\/ld+json\" class=\"yoast-schema-graph\">{\"@context\":\"https:\/\/schema.org\",\"@graph\":[{\"@type\":\"Organization\",\"@id\":\"https:\/\/nanoxplore.ca\/fr\/#organization\",\"name\":\"Group Nanoxplore\",\"url\":\"https:\/\/nanoxplore.ca\/fr\/\",\"sameAs\":[],\"logo\":{\"@type\":\"ImageObject\",\"@id\":\"https:\/\/nanoxplore.ca\/fr\/#logo\",\"inLanguage\":\"fr-FR\",\"url\":\"https:\/\/nanoxplore.ca\/wp-content\/uploads\/2020\/04\/NanoX_LogoMain-e1585934300207.png\",\"width\":200,\"height\":67,\"caption\":\"Group Nanoxplore\"},\"image\":{\"@id\":\"https:\/\/nanoxplore.ca\/fr\/#logo\"}},{\"@type\":\"WebSite\",\"@id\":\"https:\/\/nanoxplore.ca\/fr\/#website\",\"url\":\"https:\/\/nanoxplore.ca\/fr\/\",\"name\":\"Nanoxplore\",\"description\":\"\",\"publisher\":{\"@id\":\"https:\/\/nanoxplore.ca\/fr\/#organization\"},\"potentialAction\":[{\"@type\":\"SearchAction\",\"target\":\"https:\/\/nanoxplore.ca\/fr\/?s={search_term_string}\",\"query-input\":\"required name=search_term_string\"}],\"inLanguage\":\"fr-FR\"},{\"@type\":\"WebPage\",\"@id\":\"https:\/\/nanoxplore.ca\/fr\/website-terms-and-conditions\/#webpage\",\"url\":\"https:\/\/nanoxplore.ca\/fr\/website-terms-and-conditions\/\",\"name\":\"Modalit\\u00e9s du site Web - Nanoxplore\",\"isPartOf\":{\"@id\":\"https:\/\/nanoxplore.ca\/fr\/#website\"},\"datePublished\":\"2021-03-12T17:02:13+00:00\",\"dateModified\":\"2021-03-12T19:17:56+00:00\",\"inLanguage\":\"fr-FR\",\"potentialAction\":[{\"@type\":\"ReadAction\",\"target\":[\"https:\/\/nanoxplore.ca\/fr\/website-terms-and-conditions\/\"]}]}]}<\/script>\n<!-- \/ Yoast SEO Premium plugin. -->","_links":{"self":[{"href":"https:\/\/nanoxplore.ca\/fr\/wp-json\/wp\/v2\/pages\/13611","targetHints":{"allow":["GET"]}}],"collection":[{"href":"https:\/\/nanoxplore.ca\/fr\/wp-json\/wp\/v2\/pages"}],"about":[{"href":"https:\/\/nanoxplore.ca\/fr\/wp-json\/wp\/v2\/types\/page"}],"author":[{"embeddable":true,"href":"https:\/\/nanoxplore.ca\/fr\/wp-json\/wp\/v2\/users\/32"}],"replies":[{"embeddable":true,"href":"https:\/\/nanoxplore.ca\/fr\/wp-json\/wp\/v2\/comments?post=13611"}],"version-history":[{"count":5,"href":"https:\/\/nanoxplore.ca\/fr\/wp-json\/wp\/v2\/pages\/13611\/revisions"}],"predecessor-version":[{"id":13690,"href":"https:\/\/nanoxplore.ca\/fr\/wp-json\/wp\/v2\/pages\/13611\/revisions\/13690"}],"wp:attachment":[{"href":"https:\/\/nanoxplore.ca\/fr\/wp-json\/wp\/v2\/media?parent=13611"}],"curies":[{"name":"wp","href":"https:\/\/api.w.org\/{rel}","templated":true}]}}