{"id":13620,"date":"2021-03-12T12:06:17","date_gmt":"2021-03-12T17:06:17","guid":{"rendered":"https:\/\/nanoxplore.ca\/stock-info\/"},"modified":"2023-05-31T09:05:37","modified_gmt":"2023-05-31T13:05:37","slug":"stock-info","status":"publish","type":"page","link":"https:\/\/nanoxplore.ca\/fr\/stock-info\/","title":{"rendered":"Informations boursi\u00e8res"},"content":{"rendered":"\t\t<div data-elementor-type=\"wp-page\" data-elementor-id=\"13620\" class=\"elementor elementor-13620 elementor-13298\" data-elementor-post-type=\"page\">\n\t\t\t\t\t\t<section class=\"elementor-section elementor-top-section elementor-element elementor-element-78a3626 elementor-section-stretched elementor-section-boxed elementor-section-height-default elementor-section-height-default\" data-id=\"78a3626\" data-element_type=\"section\" data-e-type=\"section\" data-settings=\"{&quot;stretch_section&quot;:&quot;section-stretched&quot;}\">\n\t\t\t\t\t\t<div class=\"elementor-container elementor-column-gap-default\">\n\t\t\t\t\t<div class=\"elementor-column elementor-col-100 elementor-top-column elementor-element elementor-element-032ffc4\" data-id=\"032ffc4\" data-element_type=\"column\" data-e-type=\"column\">\n\t\t\t<div class=\"elementor-widget-wrap elementor-element-populated\">\n\t\t\t\t\t\t<section class=\"elementor-section elementor-inner-section elementor-element elementor-element-6339495 elementor-section-boxed elementor-section-height-default elementor-section-height-default\" data-id=\"6339495\" data-element_type=\"section\" data-e-type=\"section\">\n\t\t\t\t\t\t<div class=\"elementor-container elementor-column-gap-default\">\n\t\t\t\t\t<div class=\"elementor-column elementor-col-50 elementor-inner-column elementor-element elementor-element-7e08f55 right-border-thin\" data-id=\"7e08f55\" data-element_type=\"column\" data-e-type=\"column\" data-settings=\"{&quot;background_background&quot;:&quot;classic&quot;}\">\n\t\t\t<div class=\"elementor-widget-wrap elementor-element-populated\">\n\t\t\t\t\t\t<div class=\"elementor-element elementor-element-733187e elementor-nav-menu__align-start elementor-nav-menu--dropdown-mobile elementor-nav-menu__text-align-aside elementor-nav-menu--toggle elementor-nav-menu--burger elementor-widget elementor-widget-nav-menu\" data-id=\"733187e\" data-element_type=\"widget\" data-e-type=\"widget\" data-settings=\"{&quot;layout&quot;:&quot;vertical&quot;,&quot;submenu_icon&quot;:{&quot;value&quot;:&quot;&lt;i class=\\&quot;\\&quot; aria-hidden=\\&quot;true\\&quot;&gt;&lt;\\\/i&gt;&quot;,&quot;library&quot;:&quot;&quot;},&quot;toggle&quot;:&quot;burger&quot;}\" data-widget_type=\"nav-menu.default\">\n\t\t\t\t<div class=\"elementor-widget-container\">\n\t\t\t\t\t\t\t\t<nav aria-label=\"Menu\" class=\"elementor-nav-menu--main elementor-nav-menu__container elementor-nav-menu--layout-vertical e--pointer-underline e--animation-none\">\n\t\t\t\t<ul id=\"menu-1-733187e\" class=\"elementor-nav-menu sm-vertical\"><li class=\"menu-item menu-item-type-post_type menu-item-object-page menu-item-13569\"><a href=\"https:\/\/nanoxplore.ca\/fr\/investors-overview\/\" class=\"elementor-item\">Aper\u00e7u investisseurs<\/a><\/li>\n<li class=\"menu-item menu-item-type-post_type menu-item-object-page menu-item-13570\"><a href=\"https:\/\/nanoxplore.ca\/fr\/financial-results\/\" class=\"elementor-item\">R\u00e9sultats financiers<\/a><\/li>\n<li class=\"menu-item menu-item-type-post_type menu-item-object-page menu-item-13675\"><a href=\"https:\/\/nanoxplore.ca\/fr\/filings-governance\/\" class=\"elementor-item\">D\u00e9p\u00f4ts r\u00e9glementaires<\/a><\/li>\n<li class=\"menu-item menu-item-type-post_type menu-item-object-page menu-item-13676\"><a href=\"https:\/\/nanoxplore.ca\/fr\/stock-info\/\" class=\"elementor-item\">Informations boursi\u00e8res<\/a><\/li>\n<li class=\"menu-item menu-item-type-post_type menu-item-object-page menu-item-13677\"><a href=\"https:\/\/nanoxplore.ca\/fr\/events-presentations\/\" class=\"elementor-item\">\u00c9v\u00e9nements et pr\u00e9sentations<\/a><\/li>\n<li class=\"menu-item menu-item-type-post_type menu-item-object-page menu-item-13678\"><a href=\"https:\/\/nanoxplore.ca\/fr\/analyst-coverage\/\" class=\"elementor-item\">Couverture des analystes<\/a><\/li>\n<li class=\"menu-item menu-item-type-post_type menu-item-object-page menu-item-13679\"><a href=\"https:\/\/nanoxplore.ca\/fr\/investor-contact\/\" class=\"elementor-item\">Personnes-ressources<\/a><\/li>\n<li class=\"menu-item menu-item-type-post_type menu-item-object-page menu-item-13975\"><a href=\"https:\/\/nanoxplore.ca\/fr\/news\/\" class=\"elementor-item\">Communiqu\u00e9 de presse<\/a><\/li>\n<\/ul>\t\t\t<\/nav>\n\t\t\t\t\t<div class=\"elementor-menu-toggle\" role=\"button\" tabindex=\"0\" aria-label=\"Permuter le menu\" aria-expanded=\"false\">\n\t\t\t<i aria-hidden=\"true\" role=\"presentation\" class=\"elementor-menu-toggle__icon--open eicon-menu-bar\"><\/i><i aria-hidden=\"true\" role=\"presentation\" class=\"elementor-menu-toggle__icon--close eicon-close\"><\/i>\t\t<\/div>\n\t\t\t\t\t<nav class=\"elementor-nav-menu--dropdown elementor-nav-menu__container\" aria-hidden=\"true\">\n\t\t\t\t<ul id=\"menu-2-733187e\" class=\"elementor-nav-menu sm-vertical\"><li class=\"menu-item menu-item-type-post_type menu-item-object-page menu-item-13569\"><a href=\"https:\/\/nanoxplore.ca\/fr\/investors-overview\/\" class=\"elementor-item\" tabindex=\"-1\">Aper\u00e7u investisseurs<\/a><\/li>\n<li class=\"menu-item menu-item-type-post_type menu-item-object-page menu-item-13570\"><a href=\"https:\/\/nanoxplore.ca\/fr\/financial-results\/\" class=\"elementor-item\" tabindex=\"-1\">R\u00e9sultats financiers<\/a><\/li>\n<li class=\"menu-item menu-item-type-post_type menu-item-object-page menu-item-13675\"><a href=\"https:\/\/nanoxplore.ca\/fr\/filings-governance\/\" class=\"elementor-item\" tabindex=\"-1\">D\u00e9p\u00f4ts r\u00e9glementaires<\/a><\/li>\n<li class=\"menu-item menu-item-type-post_type menu-item-object-page menu-item-13676\"><a href=\"https:\/\/nanoxplore.ca\/fr\/stock-info\/\" class=\"elementor-item\" tabindex=\"-1\">Informations boursi\u00e8res<\/a><\/li>\n<li class=\"menu-item menu-item-type-post_type menu-item-object-page menu-item-13677\"><a href=\"https:\/\/nanoxplore.ca\/fr\/events-presentations\/\" class=\"elementor-item\" tabindex=\"-1\">\u00c9v\u00e9nements et pr\u00e9sentations<\/a><\/li>\n<li class=\"menu-item menu-item-type-post_type menu-item-object-page menu-item-13678\"><a href=\"https:\/\/nanoxplore.ca\/fr\/analyst-coverage\/\" class=\"elementor-item\" tabindex=\"-1\">Couverture des analystes<\/a><\/li>\n<li class=\"menu-item menu-item-type-post_type menu-item-object-page menu-item-13679\"><a href=\"https:\/\/nanoxplore.ca\/fr\/investor-contact\/\" class=\"elementor-item\" tabindex=\"-1\">Personnes-ressources<\/a><\/li>\n<li class=\"menu-item menu-item-type-post_type menu-item-object-page menu-item-13975\"><a href=\"https:\/\/nanoxplore.ca\/fr\/news\/\" class=\"elementor-item\" tabindex=\"-1\">Communiqu\u00e9 de presse<\/a><\/li>\n<\/ul>\t\t\t<\/nav>\n\t\t\t\t\t\t<\/div>\n\t\t\t\t<\/div>\n\t\t\t\t\t<\/div>\n\t\t<\/div>\n\t\t\t\t<div class=\"elementor-column elementor-col-50 elementor-inner-column elementor-element elementor-element-1f86e6c\" data-id=\"1f86e6c\" data-element_type=\"column\" data-e-type=\"column\">\n\t\t\t<div class=\"elementor-widget-wrap elementor-element-populated\">\n\t\t\t\t\t\t<div class=\"elementor-element elementor-element-b1b439b elementor-widget elementor-widget-heading\" data-id=\"b1b439b\" data-element_type=\"widget\" data-e-type=\"widget\" data-widget_type=\"heading.default\">\n\t\t\t\t<div class=\"elementor-widget-container\">\n\t\t\t\t\t<h3 class=\"elementor-heading-title elementor-size-default\">Informations boursi\u00e8res<\/h3>\t\t\t\t<\/div>\n\t\t\t\t<\/div>\n\t\t\t\t<section class=\"elementor-section elementor-inner-section elementor-element elementor-element-b6868c4 elementor-section-boxed elementor-section-height-default elementor-section-height-default\" data-id=\"b6868c4\" data-element_type=\"section\" data-e-type=\"section\">\n\t\t\t\t\t\t<div class=\"elementor-container elementor-column-gap-default\">\n\t\t\t\t\t<div class=\"elementor-column elementor-col-50 elementor-inner-column elementor-element elementor-element-98fb1ab\" data-id=\"98fb1ab\" data-element_type=\"column\" data-e-type=\"column\">\n\t\t\t<div class=\"elementor-widget-wrap elementor-element-populated\">\n\t\t\t\t\t\t<div class=\"elementor-element elementor-element-0bd6a66 stock-info-align elementor-widget elementor-widget-shortcode\" data-id=\"0bd6a66\" data-element_type=\"widget\" data-e-type=\"widget\" data-widget_type=\"shortcode.default\">\n\t\t\t\t<div class=\"elementor-widget-container\">\n\t\t\t\t\t\t\t<div class=\"elementor-shortcode\"><stock-market-widget type=\"leaderboard\" template=\"basic\" assets=\"GRA.TO\" display_currency_symbol=\"true\" api=\"yf\"><\/stock-market-widget><\/div>\n\t\t\t\t\t\t<\/div>\n\t\t\t\t<\/div>\n\t\t\t\t<div class=\"elementor-element elementor-element-fffd479 elementor-hidden-phone stock-info-align elementor-widget elementor-widget-shortcode\" data-id=\"fffd479\" data-element_type=\"widget\" data-e-type=\"widget\" data-widget_type=\"shortcode.default\">\n\t\t\t\t<div class=\"elementor-widget-container\">\n\t\t\t\t\t\t\t<div class=\"elementor-shortcode\"><stock-market-widget type=\"table-quotes\" template=\"basic\" assets=\"GRA.TO\" fields=\"symbol,name,price,change_abs,change_pct\" links=\"{'GRA.TO':{}}\" display_header=\"true\" display_chart=\"true\" display_currency_symbol=\"true\" pagination=\"true\" search=\"false\" rows_per_page=\"5\" sort_field=\"logo_name_symbol\" sort_direction=\"asc\" alignment=\"left\" api=\"yf\"><\/stock-market-widget><\/div>\n\t\t\t\t\t\t<\/div>\n\t\t\t\t<\/div>\n\t\t\t\t\t<\/div>\n\t\t<\/div>\n\t\t\t\t<div class=\"elementor-column elementor-col-50 elementor-inner-column elementor-element elementor-element-398a0a7\" data-id=\"398a0a7\" data-element_type=\"column\" data-e-type=\"column\">\n\t\t\t<div class=\"elementor-widget-wrap elementor-element-populated\">\n\t\t\t\t\t\t<div class=\"elementor-element elementor-element-63b9336 elementor-widget elementor-widget-heading\" data-id=\"63b9336\" data-element_type=\"widget\" data-e-type=\"widget\" data-widget_type=\"heading.default\">\n\t\t\t\t<div class=\"elementor-widget-container\">\n\t\t\t\t\t<h4 class=\"elementor-heading-title elementor-size-default\">STRUCTURE DES ACTIONS<\/h4>\t\t\t\t<\/div>\n\t\t\t\t<\/div>\n\t\t\t\t<div class=\"elementor-element elementor-element-81fdb4c elementor-widget elementor-widget-text-editor\" data-id=\"81fdb4c\" data-element_type=\"widget\" data-e-type=\"widget\" data-widget_type=\"text-editor.default\">\n\t\t\t\t<div class=\"elementor-widget-container\">\n\t\t\t\t\t\t\t\t\t<p style=\"text-align: right;\">En date du 9 mai 2023<\/p>\t\t\t\t\t\t\t\t<\/div>\n\t\t\t\t<\/div>\n\t\t\t\t<div class=\"elementor-element elementor-element-5610a00 elementor-widget elementor-widget-text-editor\" data-id=\"5610a00\" data-element_type=\"widget\" data-e-type=\"widget\" data-widget_type=\"text-editor.default\">\n\t\t\t\t<div class=\"elementor-widget-container\">\n\t\t\t\t\t\t\t\t\t<div style=\"text-align: right;\"><strong>Symbole NanoXplore :<\/strong> GRA &amp; NNXPF<\/div><div style=\"text-align: right;\"><strong>Cot\u00e9 en bourse :<\/strong> TSX &amp; OTCQX<\/div><div style=\"text-align: right;\"><strong>Actions ordinaires :<\/strong> 169,353,431<\/div><div style=\"text-align: right;\"><strong>Options :<\/strong> 3,275,000<\/div><div style=\"text-align: right;\"><strong>Actions enti\u00e8rement dilu\u00e9es :<\/strong> 172,628,431<\/div>\t\t\t\t\t\t\t\t<\/div>\n\t\t\t\t<\/div>\n\t\t\t\t\t<\/div>\n\t\t<\/div>\n\t\t\t\t\t<\/div>\n\t\t<\/section>\n\t\t\t\t\t<\/div>\n\t\t<\/div>\n\t\t\t\t\t<\/div>\n\t\t<\/section>\n\t\t\t\t\t<\/div>\n\t\t<\/div>\n\t\t\t\t\t<\/div>\n\t\t<\/section>\n\t\t\t\t<\/div>\n\t\t","protected":false},"excerpt":{"rendered":"<p>Informations boursi\u00e8res STRUCTURE DES ACTIONS En date du 9 mai 2023 Symbole NanoXplore : GRA &amp; NNXPFCot\u00e9 en bourse : TSX &amp; OTCQXActions ordinaires : 169,353,431Options : 3,275,000Actions enti\u00e8rement dilu\u00e9es&#8230;<\/p>\n","protected":false},"author":14,"featured_media":0,"parent":0,"menu_order":0,"comment_status":"closed","ping_status":"closed","template":"","meta":{"content-type":"","inline_featured_image":false,"footnotes":""},"class_list":["post-13620","page","type-page","status-publish","hentry"],"yoast_head":"<!-- This site is optimized with the Yoast SEO Premium plugin v15.2.1 - https:\/\/yoast.com\/wordpress\/plugins\/seo\/ -->\n<title>Informations boursi\u00e8res - Nanoxplore<\/title>\n<meta name=\"robots\" content=\"index, follow, max-snippet:-1, max-image-preview:large, max-video-preview:-1\" \/>\n<link rel=\"canonical\" href=\"https:\/\/nanoxplore.ca\/fr\/stock-info\/\" \/>\n<meta property=\"og:locale\" content=\"fr_FR\" \/>\n<meta property=\"og:type\" content=\"article\" \/>\n<meta property=\"og:title\" content=\"Informations boursi\u00e8res - Nanoxplore\" \/>\n<meta property=\"og:description\" content=\"Informations boursi\u00e8res STRUCTURE DES ACTIONS En date du 9 mai 2023 Symbole NanoXplore : GRA &amp; NNXPFCot\u00e9 en bourse : TSX &amp; OTCQXActions ordinaires : 169,353,431Options : 3,275,000Actions enti\u00e8rement dilu\u00e9es...\" \/>\n<meta property=\"og:url\" content=\"https:\/\/nanoxplore.ca\/fr\/stock-info\/\" \/>\n<meta property=\"og:site_name\" content=\"Nanoxplore\" \/>\n<meta property=\"article:modified_time\" content=\"2023-05-31T13:05:37+00:00\" \/>\n<meta name=\"twitter:card\" content=\"summary\" \/>\n<meta name=\"twitter:label1\" content=\"\u00c9crit par\">\n\t<meta name=\"twitter:data1\" content=\"\">\n\t<meta name=\"twitter:label2\" content=\"Dur\u00e9e de lecture estim\u00e9e\">\n\t<meta name=\"twitter:data2\" content=\"0 minute\">\n<script type=\"application\/ld+json\" class=\"yoast-schema-graph\">{\"@context\":\"https:\/\/schema.org\",\"@graph\":[{\"@type\":\"Organization\",\"@id\":\"https:\/\/nanoxplore.ca\/fr\/#organization\",\"name\":\"Group Nanoxplore\",\"url\":\"https:\/\/nanoxplore.ca\/fr\/\",\"sameAs\":[],\"logo\":{\"@type\":\"ImageObject\",\"@id\":\"https:\/\/nanoxplore.ca\/fr\/#logo\",\"inLanguage\":\"fr-FR\",\"url\":\"https:\/\/nanoxplore.ca\/wp-content\/uploads\/2020\/04\/NanoX_LogoMain-e1585934300207.png\",\"width\":200,\"height\":67,\"caption\":\"Group Nanoxplore\"},\"image\":{\"@id\":\"https:\/\/nanoxplore.ca\/fr\/#logo\"}},{\"@type\":\"WebSite\",\"@id\":\"https:\/\/nanoxplore.ca\/fr\/#website\",\"url\":\"https:\/\/nanoxplore.ca\/fr\/\",\"name\":\"Nanoxplore\",\"description\":\"\",\"publisher\":{\"@id\":\"https:\/\/nanoxplore.ca\/fr\/#organization\"},\"potentialAction\":[{\"@type\":\"SearchAction\",\"target\":\"https:\/\/nanoxplore.ca\/fr\/?s={search_term_string}\",\"query-input\":\"required name=search_term_string\"}],\"inLanguage\":\"fr-FR\"},{\"@type\":\"WebPage\",\"@id\":\"https:\/\/nanoxplore.ca\/fr\/stock-info\/#webpage\",\"url\":\"https:\/\/nanoxplore.ca\/fr\/stock-info\/\",\"name\":\"Informations boursi\\u00e8res - Nanoxplore\",\"isPartOf\":{\"@id\":\"https:\/\/nanoxplore.ca\/fr\/#website\"},\"datePublished\":\"2021-03-12T17:06:17+00:00\",\"dateModified\":\"2023-05-31T13:05:37+00:00\",\"inLanguage\":\"fr-FR\",\"potentialAction\":[{\"@type\":\"ReadAction\",\"target\":[\"https:\/\/nanoxplore.ca\/fr\/stock-info\/\"]}]}]}<\/script>\n<!-- \/ Yoast SEO Premium plugin. -->","_links":{"self":[{"href":"https:\/\/nanoxplore.ca\/fr\/wp-json\/wp\/v2\/pages\/13620","targetHints":{"allow":["GET"]}}],"collection":[{"href":"https:\/\/nanoxplore.ca\/fr\/wp-json\/wp\/v2\/pages"}],"about":[{"href":"https:\/\/nanoxplore.ca\/fr\/wp-json\/wp\/v2\/types\/page"}],"author":[{"embeddable":true,"href":"https:\/\/nanoxplore.ca\/fr\/wp-json\/wp\/v2\/users\/14"}],"replies":[{"embeddable":true,"href":"https:\/\/nanoxplore.ca\/fr\/wp-json\/wp\/v2\/comments?post=13620"}],"version-history":[{"count":38,"href":"https:\/\/nanoxplore.ca\/fr\/wp-json\/wp\/v2\/pages\/13620\/revisions"}],"predecessor-version":[{"id":17510,"href":"https:\/\/nanoxplore.ca\/fr\/wp-json\/wp\/v2\/pages\/13620\/revisions\/17510"}],"wp:attachment":[{"href":"https:\/\/nanoxplore.ca\/fr\/wp-json\/wp\/v2\/media?parent=13620"}],"curies":[{"name":"wp","href":"https:\/\/api.w.org\/{rel}","templated":true}]}}