{"id":13636,"date":"2021-03-12T12:17:37","date_gmt":"2021-03-12T17:17:37","guid":{"rendered":"https:\/\/nanoxplore.ca\/analyst-coverage\/"},"modified":"2026-04-01T13:56:03","modified_gmt":"2026-04-01T17:56:03","slug":"analyst-coverage","status":"publish","type":"page","link":"https:\/\/nanoxplore.ca\/fr\/analyst-coverage\/","title":{"rendered":"Couverture des analystes"},"content":{"rendered":"\t\t<div data-elementor-type=\"wp-page\" data-elementor-id=\"13636\" class=\"elementor elementor-13636 elementor-13282\" data-elementor-post-type=\"page\">\n\t\t\t\t\t\t<section class=\"elementor-section elementor-top-section elementor-element elementor-element-f808f1a elementor-section-stretched elementor-section-boxed elementor-section-height-default elementor-section-height-default\" data-id=\"f808f1a\" data-element_type=\"section\" data-e-type=\"section\" data-settings=\"{&quot;stretch_section&quot;:&quot;section-stretched&quot;}\">\n\t\t\t\t\t\t<div class=\"elementor-container elementor-column-gap-default\">\n\t\t\t\t\t<div class=\"elementor-column elementor-col-100 elementor-top-column elementor-element elementor-element-8b19c90\" data-id=\"8b19c90\" data-element_type=\"column\" data-e-type=\"column\">\n\t\t\t<div class=\"elementor-widget-wrap elementor-element-populated\">\n\t\t\t\t\t\t<section class=\"elementor-section elementor-inner-section elementor-element elementor-element-e4309c5 elementor-section-boxed elementor-section-height-default elementor-section-height-default\" data-id=\"e4309c5\" data-element_type=\"section\" data-e-type=\"section\">\n\t\t\t\t\t\t<div class=\"elementor-container elementor-column-gap-default\">\n\t\t\t\t\t<div class=\"elementor-column elementor-col-100 elementor-inner-column elementor-element elementor-element-dd2fe3a right-border-thin\" data-id=\"dd2fe3a\" data-element_type=\"column\" data-e-type=\"column\" data-settings=\"{&quot;background_background&quot;:&quot;classic&quot;}\">\n\t\t\t<div class=\"elementor-widget-wrap elementor-element-populated\">\n\t\t\t\t\t\t<div class=\"elementor-element elementor-element-c6533d2 elementor-nav-menu__align-start elementor-nav-menu--dropdown-mobile elementor-nav-menu__text-align-aside elementor-nav-menu--toggle elementor-nav-menu--burger elementor-widget elementor-widget-nav-menu\" data-id=\"c6533d2\" data-element_type=\"widget\" data-e-type=\"widget\" data-settings=\"{&quot;layout&quot;:&quot;vertical&quot;,&quot;submenu_icon&quot;:{&quot;value&quot;:&quot;&lt;i class=\\&quot;\\&quot; aria-hidden=\\&quot;true\\&quot;&gt;&lt;\\\/i&gt;&quot;,&quot;library&quot;:&quot;&quot;},&quot;toggle&quot;:&quot;burger&quot;}\" data-widget_type=\"nav-menu.default\">\n\t\t\t\t<div class=\"elementor-widget-container\">\n\t\t\t\t\t\t\t\t<nav aria-label=\"Menu\" class=\"elementor-nav-menu--main elementor-nav-menu__container elementor-nav-menu--layout-vertical e--pointer-underline e--animation-none\">\n\t\t\t\t<ul id=\"menu-1-c6533d2\" class=\"elementor-nav-menu sm-vertical\"><li class=\"menu-item menu-item-type-post_type menu-item-object-page menu-item-13569\"><a href=\"https:\/\/nanoxplore.ca\/fr\/investors-overview\/\" class=\"elementor-item\">Aper\u00e7u investisseurs<\/a><\/li>\n<li class=\"menu-item menu-item-type-post_type menu-item-object-page menu-item-13570\"><a href=\"https:\/\/nanoxplore.ca\/fr\/financial-results\/\" class=\"elementor-item\">R\u00e9sultats financiers<\/a><\/li>\n<li class=\"menu-item menu-item-type-post_type menu-item-object-page menu-item-13675\"><a href=\"https:\/\/nanoxplore.ca\/fr\/filings-governance\/\" class=\"elementor-item\">D\u00e9p\u00f4ts r\u00e9glementaires<\/a><\/li>\n<li class=\"menu-item menu-item-type-post_type menu-item-object-page menu-item-13676\"><a href=\"https:\/\/nanoxplore.ca\/fr\/stock-info\/\" class=\"elementor-item\">Informations boursi\u00e8res<\/a><\/li>\n<li class=\"menu-item menu-item-type-post_type menu-item-object-page menu-item-13677\"><a href=\"https:\/\/nanoxplore.ca\/fr\/events-presentations\/\" class=\"elementor-item\">\u00c9v\u00e9nements et pr\u00e9sentations<\/a><\/li>\n<li class=\"menu-item menu-item-type-post_type menu-item-object-page menu-item-13678\"><a href=\"https:\/\/nanoxplore.ca\/fr\/analyst-coverage\/\" class=\"elementor-item\">Couverture des analystes<\/a><\/li>\n<li class=\"menu-item menu-item-type-post_type menu-item-object-page menu-item-13679\"><a href=\"https:\/\/nanoxplore.ca\/fr\/investor-contact\/\" class=\"elementor-item\">Personnes-ressources<\/a><\/li>\n<li class=\"menu-item menu-item-type-post_type menu-item-object-page menu-item-13975\"><a href=\"https:\/\/nanoxplore.ca\/fr\/news\/\" class=\"elementor-item\">Communiqu\u00e9 de presse<\/a><\/li>\n<\/ul>\t\t\t<\/nav>\n\t\t\t\t\t<div class=\"elementor-menu-toggle\" role=\"button\" tabindex=\"0\" aria-label=\"Permuter le menu\" aria-expanded=\"false\">\n\t\t\t<i aria-hidden=\"true\" role=\"presentation\" class=\"elementor-menu-toggle__icon--open eicon-menu-bar\"><\/i><i aria-hidden=\"true\" role=\"presentation\" class=\"elementor-menu-toggle__icon--close eicon-close\"><\/i>\t\t<\/div>\n\t\t\t\t\t<nav class=\"elementor-nav-menu--dropdown elementor-nav-menu__container\" aria-hidden=\"true\">\n\t\t\t\t<ul id=\"menu-2-c6533d2\" class=\"elementor-nav-menu sm-vertical\"><li class=\"menu-item menu-item-type-post_type menu-item-object-page menu-item-13569\"><a href=\"https:\/\/nanoxplore.ca\/fr\/investors-overview\/\" class=\"elementor-item\" tabindex=\"-1\">Aper\u00e7u investisseurs<\/a><\/li>\n<li class=\"menu-item menu-item-type-post_type menu-item-object-page menu-item-13570\"><a href=\"https:\/\/nanoxplore.ca\/fr\/financial-results\/\" class=\"elementor-item\" tabindex=\"-1\">R\u00e9sultats financiers<\/a><\/li>\n<li class=\"menu-item menu-item-type-post_type menu-item-object-page menu-item-13675\"><a href=\"https:\/\/nanoxplore.ca\/fr\/filings-governance\/\" class=\"elementor-item\" tabindex=\"-1\">D\u00e9p\u00f4ts r\u00e9glementaires<\/a><\/li>\n<li class=\"menu-item menu-item-type-post_type menu-item-object-page menu-item-13676\"><a href=\"https:\/\/nanoxplore.ca\/fr\/stock-info\/\" class=\"elementor-item\" tabindex=\"-1\">Informations boursi\u00e8res<\/a><\/li>\n<li class=\"menu-item menu-item-type-post_type menu-item-object-page menu-item-13677\"><a href=\"https:\/\/nanoxplore.ca\/fr\/events-presentations\/\" class=\"elementor-item\" tabindex=\"-1\">\u00c9v\u00e9nements et pr\u00e9sentations<\/a><\/li>\n<li class=\"menu-item menu-item-type-post_type menu-item-object-page menu-item-13678\"><a href=\"https:\/\/nanoxplore.ca\/fr\/analyst-coverage\/\" class=\"elementor-item\" tabindex=\"-1\">Couverture des analystes<\/a><\/li>\n<li class=\"menu-item menu-item-type-post_type menu-item-object-page menu-item-13679\"><a href=\"https:\/\/nanoxplore.ca\/fr\/investor-contact\/\" class=\"elementor-item\" tabindex=\"-1\">Personnes-ressources<\/a><\/li>\n<li class=\"menu-item menu-item-type-post_type menu-item-object-page menu-item-13975\"><a href=\"https:\/\/nanoxplore.ca\/fr\/news\/\" class=\"elementor-item\" tabindex=\"-1\">Communiqu\u00e9 de presse<\/a><\/li>\n<\/ul>\t\t\t<\/nav>\n\t\t\t\t\t\t<\/div>\n\t\t\t\t<\/div>\n\t\t\t\t\t<\/div>\n\t\t<\/div>\n\t\t\t\t\t<\/div>\n\t\t<\/section>\n\t\t\t\t\t<\/div>\n\t\t<\/div>\n\t\t\t\t<div class=\"elementor-column elementor-col-100 elementor-top-column elementor-element elementor-element-997e5c5\" data-id=\"997e5c5\" data-element_type=\"column\" data-e-type=\"column\">\n\t\t\t<div class=\"elementor-widget-wrap elementor-element-populated\">\n\t\t\t\t\t\t<div class=\"elementor-element elementor-element-2688053 elementor-widget elementor-widget-heading\" data-id=\"2688053\" data-element_type=\"widget\" data-e-type=\"widget\" data-widget_type=\"heading.default\">\n\t\t\t\t<div class=\"elementor-widget-container\">\n\t\t\t\t\t<h3 class=\"elementor-heading-title elementor-size-default\">COUVERTURE DES ANALYSTES<\/h3>\t\t\t\t<\/div>\n\t\t\t\t<\/div>\n\t\t\t\t<section class=\"elementor-section elementor-inner-section elementor-element elementor-element-da8593a elementor-section-boxed elementor-section-height-default elementor-section-height-default\" data-id=\"da8593a\" data-element_type=\"section\" data-e-type=\"section\">\n\t\t\t\t\t\t<div class=\"elementor-container elementor-column-gap-default\">\n\t\t\t\t\t<div class=\"elementor-column elementor-col-50 elementor-inner-column elementor-element elementor-element-d94f36d\" data-id=\"d94f36d\" data-element_type=\"column\" data-e-type=\"column\">\n\t\t\t<div class=\"elementor-widget-wrap elementor-element-populated\">\n\t\t\t\t\t\t<div class=\"elementor-element elementor-element-dde7790 elementor-widget elementor-widget-text-editor\" data-id=\"dde7790\" data-element_type=\"widget\" data-e-type=\"widget\" data-widget_type=\"text-editor.default\">\n\t\t\t\t<div class=\"elementor-widget-container\">\n\t\t\t\t\t\t\t\t\t<h6>National Bank Financials:<\/h6>\nBaltej Sidhu\n<div>\n<h6>RBC Capital:<\/h6>\nJames McGarragle\n<div>\n<h6>Raymond James:<\/h6>\nMichael Glen\n<div>\n<div><\/div>\n<\/div>\n<\/div>\n<\/div>\t\t\t\t\t\t\t\t<\/div>\n\t\t\t\t<\/div>\n\t\t\t\t\t<\/div>\n\t\t<\/div>\n\t\t\t\t<div class=\"elementor-column elementor-col-50 elementor-inner-column elementor-element elementor-element-8bfcd87\" data-id=\"8bfcd87\" data-element_type=\"column\" data-e-type=\"column\">\n\t\t\t<div class=\"elementor-widget-wrap elementor-element-populated\">\n\t\t\t\t\t\t<div class=\"elementor-element elementor-element-3091841 elementor-widget elementor-widget-text-editor\" data-id=\"3091841\" data-element_type=\"widget\" data-e-type=\"widget\" data-widget_type=\"text-editor.default\">\n\t\t\t\t<div class=\"elementor-widget-container\">\n\t\t\t\t\t\t\t\t\t<div>\n<h6>Cormark Securities:<\/h6>\nMacMurray Whale\n<div>\n<h6>Paradigm Capital:<\/h6>\nMarvin Wolff\n<div>\n<h6>Ventum Financial:<\/h6>\nAmr Ezzat\n\n<\/div>\n<\/div>\t\t\t\t\t\t\t\t<\/div>\n\t\t\t\t<\/div>\n\t\t\t\t\t<\/div>\n\t\t<\/div>\n\t\t\t\t\t<\/div>\n\t\t<\/section>\n\t\t\t\t\t<\/div>\n\t\t<\/div>\n\t\t\t\t\t<\/div>\n\t\t<\/section>\n\t\t\t\t<\/div>\n\t\t","protected":false},"excerpt":{"rendered":"<p>COUVERTURE DES ANALYSTES National Bank Financials: Baltej Sidhu RBC Capital: James McGarragle Raymond James: Michael Glen Cormark Securities: MacMurray Whale Paradigm Capital: Marvin Wolff Ventum Financial: Amr Ezzat<\/p>\n","protected":false},"author":14,"featured_media":0,"parent":0,"menu_order":0,"comment_status":"closed","ping_status":"closed","template":"","meta":{"content-type":"","inline_featured_image":false,"footnotes":""},"class_list":["post-13636","page","type-page","status-publish","hentry"],"yoast_head":"<!-- This site is optimized with the Yoast SEO Premium plugin v15.2.1 - https:\/\/yoast.com\/wordpress\/plugins\/seo\/ -->\n<title>Couverture des analystes - Nanoxplore<\/title>\n<meta name=\"robots\" content=\"index, follow, max-snippet:-1, max-image-preview:large, max-video-preview:-1\" \/>\n<link rel=\"canonical\" href=\"https:\/\/nanoxplore.ca\/fr\/analyst-coverage\/\" \/>\n<meta property=\"og:locale\" content=\"fr_FR\" \/>\n<meta property=\"og:type\" content=\"article\" \/>\n<meta property=\"og:title\" content=\"Couverture des analystes - Nanoxplore\" \/>\n<meta property=\"og:description\" content=\"COUVERTURE DES ANALYSTES National Bank Financials: Baltej Sidhu RBC Capital: James McGarragle Raymond James: Michael Glen Cormark Securities: MacMurray Whale Paradigm Capital: Marvin Wolff Ventum Financial: Amr Ezzat\" \/>\n<meta property=\"og:url\" content=\"https:\/\/nanoxplore.ca\/fr\/analyst-coverage\/\" \/>\n<meta property=\"og:site_name\" content=\"Nanoxplore\" \/>\n<meta property=\"article:modified_time\" content=\"2026-04-01T17:56:03+00:00\" \/>\n<meta name=\"twitter:card\" content=\"summary\" \/>\n<meta name=\"twitter:label1\" content=\"\u00c9crit par\">\n\t<meta name=\"twitter:data1\" content=\"\">\n\t<meta name=\"twitter:label2\" content=\"Dur\u00e9e de lecture estim\u00e9e\">\n\t<meta name=\"twitter:data2\" content=\"0 minute\">\n<script type=\"application\/ld+json\" class=\"yoast-schema-graph\">{\"@context\":\"https:\/\/schema.org\",\"@graph\":[{\"@type\":\"Organization\",\"@id\":\"https:\/\/nanoxplore.ca\/fr\/#organization\",\"name\":\"Group Nanoxplore\",\"url\":\"https:\/\/nanoxplore.ca\/fr\/\",\"sameAs\":[],\"logo\":{\"@type\":\"ImageObject\",\"@id\":\"https:\/\/nanoxplore.ca\/fr\/#logo\",\"inLanguage\":\"fr-FR\",\"url\":\"https:\/\/nanoxplore.ca\/wp-content\/uploads\/2020\/04\/NanoX_LogoMain-e1585934300207.png\",\"width\":200,\"height\":67,\"caption\":\"Group Nanoxplore\"},\"image\":{\"@id\":\"https:\/\/nanoxplore.ca\/fr\/#logo\"}},{\"@type\":\"WebSite\",\"@id\":\"https:\/\/nanoxplore.ca\/fr\/#website\",\"url\":\"https:\/\/nanoxplore.ca\/fr\/\",\"name\":\"Nanoxplore\",\"description\":\"\",\"publisher\":{\"@id\":\"https:\/\/nanoxplore.ca\/fr\/#organization\"},\"potentialAction\":[{\"@type\":\"SearchAction\",\"target\":\"https:\/\/nanoxplore.ca\/fr\/?s={search_term_string}\",\"query-input\":\"required name=search_term_string\"}],\"inLanguage\":\"fr-FR\"},{\"@type\":\"WebPage\",\"@id\":\"https:\/\/nanoxplore.ca\/fr\/analyst-coverage\/#webpage\",\"url\":\"https:\/\/nanoxplore.ca\/fr\/analyst-coverage\/\",\"name\":\"Couverture des analystes - Nanoxplore\",\"isPartOf\":{\"@id\":\"https:\/\/nanoxplore.ca\/fr\/#website\"},\"datePublished\":\"2021-03-12T17:17:37+00:00\",\"dateModified\":\"2026-04-01T17:56:03+00:00\",\"inLanguage\":\"fr-FR\",\"potentialAction\":[{\"@type\":\"ReadAction\",\"target\":[\"https:\/\/nanoxplore.ca\/fr\/analyst-coverage\/\"]}]}]}<\/script>\n<!-- \/ Yoast SEO Premium plugin. -->","_links":{"self":[{"href":"https:\/\/nanoxplore.ca\/fr\/wp-json\/wp\/v2\/pages\/13636","targetHints":{"allow":["GET"]}}],"collection":[{"href":"https:\/\/nanoxplore.ca\/fr\/wp-json\/wp\/v2\/pages"}],"about":[{"href":"https:\/\/nanoxplore.ca\/fr\/wp-json\/wp\/v2\/types\/page"}],"author":[{"embeddable":true,"href":"https:\/\/nanoxplore.ca\/fr\/wp-json\/wp\/v2\/users\/14"}],"replies":[{"embeddable":true,"href":"https:\/\/nanoxplore.ca\/fr\/wp-json\/wp\/v2\/comments?post=13636"}],"version-history":[{"count":51,"href":"https:\/\/nanoxplore.ca\/fr\/wp-json\/wp\/v2\/pages\/13636\/revisions"}],"predecessor-version":[{"id":22446,"href":"https:\/\/nanoxplore.ca\/fr\/wp-json\/wp\/v2\/pages\/13636\/revisions\/22446"}],"wp:attachment":[{"href":"https:\/\/nanoxplore.ca\/fr\/wp-json\/wp\/v2\/media?parent=13636"}],"curies":[{"name":"wp","href":"https:\/\/api.w.org\/{rel}","templated":true}]}}