{"id":13643,"date":"2021-03-12T12:23:04","date_gmt":"2021-03-12T17:23:04","guid":{"rendered":"https:\/\/nanoxplore.ca\/investor-contact\/"},"modified":"2021-04-09T12:36:27","modified_gmt":"2021-04-09T16:36:27","slug":"investor-contact","status":"publish","type":"page","link":"https:\/\/nanoxplore.ca\/fr\/investor-contact\/","title":{"rendered":"Personnes-ressources"},"content":{"rendered":"\t\t<div data-elementor-type=\"wp-page\" data-elementor-id=\"13643\" class=\"elementor elementor-13643 elementor-13019\" data-elementor-post-type=\"page\">\n\t\t\t\t\t\t<section class=\"elementor-section elementor-top-section elementor-element elementor-element-6ef16ae5 elementor-section-stretched elementor-section-boxed elementor-section-height-default elementor-section-height-default\" data-id=\"6ef16ae5\" data-element_type=\"section\" data-e-type=\"section\" data-settings=\"{&quot;stretch_section&quot;:&quot;section-stretched&quot;}\">\n\t\t\t\t\t\t<div class=\"elementor-container elementor-column-gap-default\">\n\t\t\t\t\t<div class=\"elementor-column elementor-col-50 elementor-top-column elementor-element elementor-element-69b951b1 right-border-thin\" data-id=\"69b951b1\" data-element_type=\"column\" data-e-type=\"column\" data-settings=\"{&quot;background_background&quot;:&quot;classic&quot;}\">\n\t\t\t<div class=\"elementor-widget-wrap elementor-element-populated\">\n\t\t\t\t\t\t<div class=\"elementor-element elementor-element-45f071cc elementor-nav-menu__align-start elementor-nav-menu--dropdown-mobile elementor-nav-menu__text-align-aside elementor-nav-menu--toggle elementor-nav-menu--burger elementor-widget elementor-widget-nav-menu\" data-id=\"45f071cc\" data-element_type=\"widget\" data-e-type=\"widget\" data-settings=\"{&quot;layout&quot;:&quot;vertical&quot;,&quot;submenu_icon&quot;:{&quot;value&quot;:&quot;&lt;i class=\\&quot;\\&quot; aria-hidden=\\&quot;true\\&quot;&gt;&lt;\\\/i&gt;&quot;,&quot;library&quot;:&quot;&quot;},&quot;toggle&quot;:&quot;burger&quot;}\" data-widget_type=\"nav-menu.default\">\n\t\t\t\t<div class=\"elementor-widget-container\">\n\t\t\t\t\t\t\t\t<nav aria-label=\"Menu\" class=\"elementor-nav-menu--main elementor-nav-menu__container elementor-nav-menu--layout-vertical e--pointer-underline e--animation-none\">\n\t\t\t\t<ul id=\"menu-1-45f071cc\" class=\"elementor-nav-menu sm-vertical\"><li class=\"menu-item menu-item-type-post_type menu-item-object-page menu-item-13569\"><a href=\"https:\/\/nanoxplore.ca\/fr\/investors-overview\/\" class=\"elementor-item\">Aper\u00e7u investisseurs<\/a><\/li>\n<li class=\"menu-item menu-item-type-post_type menu-item-object-page menu-item-13570\"><a href=\"https:\/\/nanoxplore.ca\/fr\/financial-results\/\" class=\"elementor-item\">R\u00e9sultats financiers<\/a><\/li>\n<li class=\"menu-item menu-item-type-post_type menu-item-object-page menu-item-13675\"><a href=\"https:\/\/nanoxplore.ca\/fr\/filings-governance\/\" class=\"elementor-item\">D\u00e9p\u00f4ts r\u00e9glementaires<\/a><\/li>\n<li class=\"menu-item menu-item-type-post_type menu-item-object-page menu-item-13676\"><a href=\"https:\/\/nanoxplore.ca\/fr\/stock-info\/\" class=\"elementor-item\">Informations boursi\u00e8res<\/a><\/li>\n<li class=\"menu-item menu-item-type-post_type menu-item-object-page menu-item-13677\"><a href=\"https:\/\/nanoxplore.ca\/fr\/events-presentations\/\" class=\"elementor-item\">\u00c9v\u00e9nements et pr\u00e9sentations<\/a><\/li>\n<li class=\"menu-item menu-item-type-post_type menu-item-object-page menu-item-13678\"><a href=\"https:\/\/nanoxplore.ca\/fr\/analyst-coverage\/\" class=\"elementor-item\">Couverture des analystes<\/a><\/li>\n<li class=\"menu-item menu-item-type-post_type menu-item-object-page menu-item-13679\"><a href=\"https:\/\/nanoxplore.ca\/fr\/investor-contact\/\" class=\"elementor-item\">Personnes-ressources<\/a><\/li>\n<li class=\"menu-item menu-item-type-post_type menu-item-object-page menu-item-13975\"><a href=\"https:\/\/nanoxplore.ca\/fr\/news\/\" class=\"elementor-item\">Communiqu\u00e9 de presse<\/a><\/li>\n<\/ul>\t\t\t<\/nav>\n\t\t\t\t\t<div class=\"elementor-menu-toggle\" role=\"button\" tabindex=\"0\" aria-label=\"Permuter le menu\" aria-expanded=\"false\">\n\t\t\t<i aria-hidden=\"true\" role=\"presentation\" class=\"elementor-menu-toggle__icon--open eicon-menu-bar\"><\/i><i aria-hidden=\"true\" role=\"presentation\" class=\"elementor-menu-toggle__icon--close eicon-close\"><\/i>\t\t<\/div>\n\t\t\t\t\t<nav class=\"elementor-nav-menu--dropdown elementor-nav-menu__container\" aria-hidden=\"true\">\n\t\t\t\t<ul id=\"menu-2-45f071cc\" class=\"elementor-nav-menu sm-vertical\"><li class=\"menu-item menu-item-type-post_type menu-item-object-page menu-item-13569\"><a href=\"https:\/\/nanoxplore.ca\/fr\/investors-overview\/\" class=\"elementor-item\" tabindex=\"-1\">Aper\u00e7u investisseurs<\/a><\/li>\n<li class=\"menu-item menu-item-type-post_type menu-item-object-page menu-item-13570\"><a href=\"https:\/\/nanoxplore.ca\/fr\/financial-results\/\" class=\"elementor-item\" tabindex=\"-1\">R\u00e9sultats financiers<\/a><\/li>\n<li class=\"menu-item menu-item-type-post_type menu-item-object-page menu-item-13675\"><a href=\"https:\/\/nanoxplore.ca\/fr\/filings-governance\/\" class=\"elementor-item\" tabindex=\"-1\">D\u00e9p\u00f4ts r\u00e9glementaires<\/a><\/li>\n<li class=\"menu-item menu-item-type-post_type menu-item-object-page menu-item-13676\"><a href=\"https:\/\/nanoxplore.ca\/fr\/stock-info\/\" class=\"elementor-item\" tabindex=\"-1\">Informations boursi\u00e8res<\/a><\/li>\n<li class=\"menu-item menu-item-type-post_type menu-item-object-page menu-item-13677\"><a href=\"https:\/\/nanoxplore.ca\/fr\/events-presentations\/\" class=\"elementor-item\" tabindex=\"-1\">\u00c9v\u00e9nements et pr\u00e9sentations<\/a><\/li>\n<li class=\"menu-item menu-item-type-post_type menu-item-object-page menu-item-13678\"><a href=\"https:\/\/nanoxplore.ca\/fr\/analyst-coverage\/\" class=\"elementor-item\" tabindex=\"-1\">Couverture des analystes<\/a><\/li>\n<li class=\"menu-item menu-item-type-post_type menu-item-object-page menu-item-13679\"><a href=\"https:\/\/nanoxplore.ca\/fr\/investor-contact\/\" class=\"elementor-item\" tabindex=\"-1\">Personnes-ressources<\/a><\/li>\n<li class=\"menu-item menu-item-type-post_type menu-item-object-page menu-item-13975\"><a href=\"https:\/\/nanoxplore.ca\/fr\/news\/\" class=\"elementor-item\" tabindex=\"-1\">Communiqu\u00e9 de presse<\/a><\/li>\n<\/ul>\t\t\t<\/nav>\n\t\t\t\t\t\t<\/div>\n\t\t\t\t<\/div>\n\t\t\t\t\t<\/div>\n\t\t<\/div>\n\t\t\t\t<div class=\"elementor-column elementor-col-50 elementor-top-column elementor-element elementor-element-678521b6\" data-id=\"678521b6\" data-element_type=\"column\" data-e-type=\"column\">\n\t\t\t<div class=\"elementor-widget-wrap elementor-element-populated\">\n\t\t\t\t\t\t<div class=\"elementor-element elementor-element-3f4d7680 elementor-widget elementor-widget-heading\" data-id=\"3f4d7680\" data-element_type=\"widget\" data-e-type=\"widget\" data-widget_type=\"heading.default\">\n\t\t\t\t<div class=\"elementor-widget-container\">\n\t\t\t\t\t<h3 class=\"elementor-heading-title elementor-size-default\">Relations avec les investisseurs<\/h3>\t\t\t\t<\/div>\n\t\t\t\t<\/div>\n\t\t\t\t<section class=\"elementor-section elementor-inner-section elementor-element elementor-element-4af9a6f5 elementor-section-boxed elementor-section-height-default elementor-section-height-default\" data-id=\"4af9a6f5\" data-element_type=\"section\" data-e-type=\"section\">\n\t\t\t\t\t\t<div class=\"elementor-container elementor-column-gap-default\">\n\t\t\t\t\t<div class=\"elementor-column elementor-col-50 elementor-inner-column elementor-element elementor-element-2e3bdf00\" data-id=\"2e3bdf00\" data-element_type=\"column\" data-e-type=\"column\">\n\t\t\t<div class=\"elementor-widget-wrap elementor-element-populated\">\n\t\t\t\t\t\t<div class=\"elementor-element elementor-element-6cdd2561 elementor-widget elementor-widget-heading\" data-id=\"6cdd2561\" data-element_type=\"widget\" data-e-type=\"widget\" data-widget_type=\"heading.default\">\n\t\t\t\t<div class=\"elementor-widget-container\">\n\t\t\t\t\t<h6 class=\"elementor-heading-title elementor-size-default\">Agent des transferts et des registres<\/h6>\t\t\t\t<\/div>\n\t\t\t\t<\/div>\n\t\t\t\t<div class=\"elementor-element elementor-element-16c20cf4 elementor-widget elementor-widget-text-editor\" data-id=\"16c20cf4\" data-element_type=\"widget\" data-e-type=\"widget\" data-widget_type=\"text-editor.default\">\n\t\t\t\t<div class=\"elementor-widget-container\">\n\t\t\t\t\t\t\t\t\t<p>TSX Trust Company<\/p>\n<p>100 Adelaide Street West, Suite 301, Toronto, Ontario, M5H 4H1<\/p>\n\t\t\t\t\t\t\t\t<\/div>\n\t\t\t\t<\/div>\n\t\t\t\t<div class=\"elementor-element elementor-element-6355cc30 elementor-icon-list--layout-traditional elementor-list-item-link-full_width elementor-widget elementor-widget-icon-list\" data-id=\"6355cc30\" data-element_type=\"widget\" data-e-type=\"widget\" data-widget_type=\"icon-list.default\">\n\t\t\t\t<div class=\"elementor-widget-container\">\n\t\t\t\t\t\t\t<ul class=\"elementor-icon-list-items\">\n\t\t\t\t\t\t\t<li class=\"elementor-icon-list-item\">\n\t\t\t\t\t\t\t\t\t\t\t<span class=\"elementor-icon-list-icon\">\n\t\t\t\t\t\t\t<i aria-hidden=\"true\" class=\"fas fa-phone-alt\"><\/i>\t\t\t\t\t\t<\/span>\n\t\t\t\t\t\t\t\t\t\t<span class=\"elementor-icon-list-text\">1-866-600-5869 (en Am\u00e9rique du Nord)<\/span>\n\t\t\t\t\t\t\t\t\t<\/li>\n\t\t\t\t\t\t\t\t<li class=\"elementor-icon-list-item\">\n\t\t\t\t\t\t\t\t\t\t\t<span class=\"elementor-icon-list-icon\">\n\t\t\t\t\t\t\t<i aria-hidden=\"true\" class=\"fas fa-phone-alt\"><\/i>\t\t\t\t\t\t<\/span>\n\t\t\t\t\t\t\t\t\t\t<span class=\"elementor-icon-list-text\">1-416-342-1091 (hors Am\u00e9rique du Nord)<\/span>\n\t\t\t\t\t\t\t\t\t<\/li>\n\t\t\t\t\t\t\t\t<li class=\"elementor-icon-list-item\">\n\t\t\t\t\t\t\t\t\t\t\t<span class=\"elementor-icon-list-icon\">\n\t\t\t\t\t\t\t<i aria-hidden=\"true\" class=\"fas fa-fax\"><\/i>\t\t\t\t\t\t<\/span>\n\t\t\t\t\t\t\t\t\t\t<span class=\"elementor-icon-list-text\">1-416-361-0470<\/span>\n\t\t\t\t\t\t\t\t\t<\/li>\n\t\t\t\t\t\t\t\t<li class=\"elementor-icon-list-item\">\n\t\t\t\t\t\t\t\t\t\t\t<a href=\"http:\/\/tmxeinvestorservices@tmx.com\">\n\n\t\t\t\t\t\t\t\t\t\t\t\t<span class=\"elementor-icon-list-icon\">\n\t\t\t\t\t\t\t<i aria-hidden=\"true\" class=\"far fa-envelope\"><\/i>\t\t\t\t\t\t<\/span>\n\t\t\t\t\t\t\t\t\t\t<span class=\"elementor-icon-list-text\">tmxeinvestorservices@tmx.com<\/span>\n\t\t\t\t\t\t\t\t\t\t\t<\/a>\n\t\t\t\t\t\t\t\t\t<\/li>\n\t\t\t\t\t\t<\/ul>\n\t\t\t\t\t\t<\/div>\n\t\t\t\t<\/div>\n\t\t\t\t\t<\/div>\n\t\t<\/div>\n\t\t\t\t<div class=\"elementor-column elementor-col-50 elementor-inner-column elementor-element elementor-element-45e17d9b\" data-id=\"45e17d9b\" data-element_type=\"column\" data-e-type=\"column\">\n\t\t\t<div class=\"elementor-widget-wrap elementor-element-populated\">\n\t\t\t\t\t\t<div class=\"elementor-element elementor-element-3a0f4ad9 elementor-widget elementor-widget-heading\" data-id=\"3a0f4ad9\" data-element_type=\"widget\" data-e-type=\"widget\" data-widget_type=\"heading.default\">\n\t\t\t\t<div class=\"elementor-widget-container\">\n\t\t\t\t\t<h6 class=\"elementor-heading-title elementor-size-default\">Si\u00e8ge social<\/h6>\t\t\t\t<\/div>\n\t\t\t\t<\/div>\n\t\t\t\t<div class=\"elementor-element elementor-element-303f4ba6 elementor-widget elementor-widget-text-editor\" data-id=\"303f4ba6\" data-element_type=\"widget\" data-e-type=\"widget\" data-widget_type=\"text-editor.default\">\n\t\t\t\t<div class=\"elementor-widget-container\">\n\t\t\t\t\t\t\t\t\t<p>4500 boul. Thimens,<br \/>\nMontr\u00e9al, QC, H4R 2P2<\/p>\n\t\t\t\t\t\t\t\t<\/div>\n\t\t\t\t<\/div>\n\t\t\t\t<div class=\"elementor-element elementor-element-6f9a5f6f elementor-icon-list--layout-traditional elementor-list-item-link-full_width elementor-widget elementor-widget-icon-list\" data-id=\"6f9a5f6f\" data-element_type=\"widget\" data-e-type=\"widget\" data-widget_type=\"icon-list.default\">\n\t\t\t\t<div class=\"elementor-widget-container\">\n\t\t\t\t\t\t\t<ul class=\"elementor-icon-list-items\">\n\t\t\t\t\t\t\t<li class=\"elementor-icon-list-item\">\n\t\t\t\t\t\t\t\t\t\t\t<span class=\"elementor-icon-list-icon\">\n\t\t\t\t\t\t\t<i aria-hidden=\"true\" class=\"fas fa-phone-alt\"><\/i>\t\t\t\t\t\t<\/span>\n\t\t\t\t\t\t\t\t\t\t<span class=\"elementor-icon-list-text\"> +1-514-935-1377<\/span>\n\t\t\t\t\t\t\t\t\t<\/li>\n\t\t\t\t\t\t\t\t<li class=\"elementor-icon-list-item\">\n\t\t\t\t\t\t\t\t\t\t\t<span class=\"elementor-icon-list-icon\">\n\t\t\t\t\t\t\t<i aria-hidden=\"true\" class=\"far fa-envelope\"><\/i>\t\t\t\t\t\t<\/span>\n\t\t\t\t\t\t\t\t\t\t<span class=\"elementor-icon-list-text\">invest@nanoxplore.ca<\/span>\n\t\t\t\t\t\t\t\t\t<\/li>\n\t\t\t\t\t\t\t\t<li class=\"elementor-icon-list-item\">\n\t\t\t\t\t\t\t\t\t\t\t<span class=\"elementor-icon-list-icon\">\n\t\t\t\t\t\t\t<i aria-hidden=\"true\" class=\"far fa-envelope\"><\/i>\t\t\t\t\t\t<\/span>\n\t\t\t\t\t\t\t\t\t\t<span class=\"elementor-icon-list-text\">info@nanoxplore.ca<\/span>\n\t\t\t\t\t\t\t\t\t<\/li>\n\t\t\t\t\t\t<\/ul>\n\t\t\t\t\t\t<\/div>\n\t\t\t\t<\/div>\n\t\t\t\t\t<\/div>\n\t\t<\/div>\n\t\t\t\t\t<\/div>\n\t\t<\/section>\n\t\t\t\t\t<\/div>\n\t\t<\/div>\n\t\t\t\t\t<\/div>\n\t\t<\/section>\n\t\t\t\t<\/div>\n\t\t","protected":false},"excerpt":{"rendered":"<p>Relations avec les investisseurs Agent des transferts et des registres TSX Trust Company 100 Adelaide Street West, Suite 301, Toronto, Ontario, M5H 4H1 1-866-600-5869 (en Am\u00e9rique du Nord) 1-416-342-1091 (hors&#8230;<\/p>\n","protected":false},"author":14,"featured_media":0,"parent":0,"menu_order":0,"comment_status":"closed","ping_status":"closed","template":"","meta":{"content-type":"","inline_featured_image":false,"footnotes":""},"class_list":["post-13643","page","type-page","status-publish","hentry"],"yoast_head":"<!-- This site is optimized with the Yoast SEO Premium plugin v15.2.1 - https:\/\/yoast.com\/wordpress\/plugins\/seo\/ -->\n<title>Personnes-ressources - Nanoxplore<\/title>\n<meta name=\"robots\" content=\"index, follow, max-snippet:-1, max-image-preview:large, max-video-preview:-1\" \/>\n<link rel=\"canonical\" href=\"https:\/\/nanoxplore.ca\/fr\/investor-contact\/\" \/>\n<meta property=\"og:locale\" content=\"fr_FR\" \/>\n<meta property=\"og:type\" content=\"article\" \/>\n<meta property=\"og:title\" content=\"Personnes-ressources - Nanoxplore\" \/>\n<meta property=\"og:description\" content=\"Relations avec les investisseurs Agent des transferts et des registres TSX Trust Company 100 Adelaide Street West, Suite 301, Toronto, Ontario, M5H 4H1 1-866-600-5869 (en Am\u00e9rique du Nord) 1-416-342-1091 (hors...\" \/>\n<meta property=\"og:url\" content=\"https:\/\/nanoxplore.ca\/fr\/investor-contact\/\" \/>\n<meta property=\"og:site_name\" content=\"Nanoxplore\" \/>\n<meta property=\"article:modified_time\" content=\"2021-04-09T16:36:27+00:00\" \/>\n<meta name=\"twitter:card\" content=\"summary\" \/>\n<meta name=\"twitter:label1\" content=\"\u00c9crit par\">\n\t<meta name=\"twitter:data1\" content=\"\">\n\t<meta name=\"twitter:label2\" content=\"Dur\u00e9e de lecture estim\u00e9e\">\n\t<meta name=\"twitter:data2\" content=\"0 minute\">\n<script type=\"application\/ld+json\" class=\"yoast-schema-graph\">{\"@context\":\"https:\/\/schema.org\",\"@graph\":[{\"@type\":\"Organization\",\"@id\":\"https:\/\/nanoxplore.ca\/fr\/#organization\",\"name\":\"Group Nanoxplore\",\"url\":\"https:\/\/nanoxplore.ca\/fr\/\",\"sameAs\":[],\"logo\":{\"@type\":\"ImageObject\",\"@id\":\"https:\/\/nanoxplore.ca\/fr\/#logo\",\"inLanguage\":\"fr-FR\",\"url\":\"https:\/\/nanoxplore.ca\/wp-content\/uploads\/2020\/04\/NanoX_LogoMain-e1585934300207.png\",\"width\":200,\"height\":67,\"caption\":\"Group Nanoxplore\"},\"image\":{\"@id\":\"https:\/\/nanoxplore.ca\/fr\/#logo\"}},{\"@type\":\"WebSite\",\"@id\":\"https:\/\/nanoxplore.ca\/fr\/#website\",\"url\":\"https:\/\/nanoxplore.ca\/fr\/\",\"name\":\"Nanoxplore\",\"description\":\"\",\"publisher\":{\"@id\":\"https:\/\/nanoxplore.ca\/fr\/#organization\"},\"potentialAction\":[{\"@type\":\"SearchAction\",\"target\":\"https:\/\/nanoxplore.ca\/fr\/?s={search_term_string}\",\"query-input\":\"required name=search_term_string\"}],\"inLanguage\":\"fr-FR\"},{\"@type\":\"WebPage\",\"@id\":\"https:\/\/nanoxplore.ca\/fr\/investor-contact\/#webpage\",\"url\":\"https:\/\/nanoxplore.ca\/fr\/investor-contact\/\",\"name\":\"Personnes-ressources - Nanoxplore\",\"isPartOf\":{\"@id\":\"https:\/\/nanoxplore.ca\/fr\/#website\"},\"datePublished\":\"2021-03-12T17:23:04+00:00\",\"dateModified\":\"2021-04-09T16:36:27+00:00\",\"inLanguage\":\"fr-FR\",\"potentialAction\":[{\"@type\":\"ReadAction\",\"target\":[\"https:\/\/nanoxplore.ca\/fr\/investor-contact\/\"]}]}]}<\/script>\n<!-- \/ Yoast SEO Premium plugin. -->","_links":{"self":[{"href":"https:\/\/nanoxplore.ca\/fr\/wp-json\/wp\/v2\/pages\/13643","targetHints":{"allow":["GET"]}}],"collection":[{"href":"https:\/\/nanoxplore.ca\/fr\/wp-json\/wp\/v2\/pages"}],"about":[{"href":"https:\/\/nanoxplore.ca\/fr\/wp-json\/wp\/v2\/types\/page"}],"author":[{"embeddable":true,"href":"https:\/\/nanoxplore.ca\/fr\/wp-json\/wp\/v2\/users\/14"}],"replies":[{"embeddable":true,"href":"https:\/\/nanoxplore.ca\/fr\/wp-json\/wp\/v2\/comments?post=13643"}],"version-history":[{"count":14,"href":"https:\/\/nanoxplore.ca\/fr\/wp-json\/wp\/v2\/pages\/13643\/revisions"}],"predecessor-version":[{"id":14024,"href":"https:\/\/nanoxplore.ca\/fr\/wp-json\/wp\/v2\/pages\/13643\/revisions\/14024"}],"wp:attachment":[{"href":"https:\/\/nanoxplore.ca\/fr\/wp-json\/wp\/v2\/media?parent=13643"}],"curies":[{"name":"wp","href":"https:\/\/api.w.org\/{rel}","templated":true}]}}